{"id":1679,"date":"2019-09-06T20:21:14","date_gmt":"2019-09-06T18:21:14","guid":{"rendered":"https:\/\/jokersound.com\/?page_id=1679"},"modified":"2021-02-07T18:40:59","modified_gmt":"2021-02-07T17:40:59","slug":"compositeurs","status":"publish","type":"page","link":"https:\/\/dev.jokersound.com\/?page_id=1679","title":{"rendered":"Les compositeurs"},"content":{"rendered":"\t<section class=\"section\" id=\"section_1064182053\">\n\t\t<div class=\"bg section-bg fill bg-fill  bg-loaded\" >\n\n\t\t\t\n\t\t\t\n\t\t\t\n\n\t\t<\/div><!-- .section-bg -->\n\n\t\t<div class=\"section-content relative\">\n\t\t\t\n<div class=\"row row-large align-middle\"  id=\"row-1446942426\">\n<div class=\"col medium-4 small-12 large-4\"  ><div class=\"col-inner\"  >\n\t<div class=\"img has-hover x md-x lg-x y md-y lg-y\" id=\"image_1718725050\">\n\t\t\t\t\t\t\t\t<div class=\"img-inner dark\" >\n\t\t\t<img fetchpriority=\"high\" decoding=\"async\" width=\"300\" height=\"250\" src=\"https:\/\/dev.jokersound.com\/wp-content\/uploads\/2020\/05\/Christophe-MOUTOT-Compositeur-JOKERSOUND-2.jpg\" class=\"attachment-large size-large\" alt=\"\" \/>\t\t\t\t\t\t\n\t\t\t\t\t<\/div>\n\t\t\t\t\t\t\t\t\n<style scope=\"scope\">\n\n#image_1718725050 {\n  width: 100%;\n}\n<\/style>\n\t<\/div>\n\t\n<\/div><\/div>\n<div class=\"col medium-8 small-12 large-8\"  ><div class=\"col-inner text-left\"  >\n<h2>Christophe MOUTOT<\/h2>\n<p>Membre du groupe ZELIA et du groupe POKA en tant que guitariste et chanteur, Christophe est autodidacte. Il a compos\u00e9 les musiques de diff\u00e9rentes pub, courts m\u00e9trages et long documentaires depuis de nombreuses ann\u00e9es. Il est membre fondateur du site de musique en ligne JOKERSOUND. Egalement journaliste reporter d&rsquo;image et monteur, il connait parfaitement les besoins de la musique \u00e0 l&rsquo;image et peut composer tr\u00e8s rapidement des musiques pour tout type de s\u00e9quence, dans diff\u00e9rents styles allant du rock, du classique en passant par le jazz et la musique du monde. <\/p>\n<\/div><\/div>\n\n<style scope=\"scope\">\n\n<\/style>\n<\/div>\n<div class=\"social-icons follow-icons full-width text-right\" ><a href=\"https:\/\/www.facebook.com\/cmoutot\" target=\"_blank\" data-label=\"Facebook\"  rel=\"nofollow\" class=\"icon plain facebook tooltip\" title=\"Nous suivre sur Facebook\"><i class=\"icon-facebook\" ><\/i><\/a><a href=\"https:\/\/www.instagram.com\/christophemoutot\/\" target=\"_blank\" rel=\"nofollow\" data-label=\"Instagram\" class=\"icon plain  instagram tooltip\" title=\"Nous suivre sur Instagram\"><i class=\"icon-instagram\" ><\/i><\/a><a href=\"mailto:cmoutot@hotmail.com\" data-label=\"E-mail\"  rel=\"nofollow\" class=\"icon plain  email tooltip\" title=\"Nous envoyer un email\"><i class=\"icon-envelop\" ><\/i><\/a><a href=\"https:\/\/www.linkedin.com\/in\/christophe-moutot-1a678029\/\" target=\"_blank\" rel=\"nofollow\" data-label=\"LinkedIn\" class=\"icon plain  linkedin tooltip\" title=\"Follow on LinkedIn\"><i class=\"icon-linkedin\" ><\/i><\/a><\/div>\n\t\t<\/div><!-- .section-content -->\n\n\t\t\n<style scope=\"scope\">\n\n#section_1064182053 {\n  padding-top: 0px;\n  padding-bottom: 0px;\n  background-color: rgb(0,0,0);\n}\n<\/style>\n\t<\/section>\n\t\n<hr>\n\t<section class=\"section\" id=\"section_633673891\">\n\t\t<div class=\"bg section-bg fill bg-fill  bg-loaded\" >\n\n\t\t\t\n\t\t\t\n\t\t\t\n\n\t\t<\/div><!-- .section-bg -->\n\n\t\t<div class=\"section-content relative\">\n\t\t\t\n<div class=\"row row-large align-middle\"  id=\"row-1865955525\">\n<div class=\"col medium-4 small-12 large-4\"  ><div class=\"col-inner\"  >\n\t<div class=\"img has-hover x md-x lg-x y md-y lg-y\" id=\"image_1878311077\">\n\t\t\t\t\t\t\t\t<div class=\"img-inner dark\" >\n\t\t\t<img decoding=\"async\" width=\"300\" height=\"250\" src=\"https:\/\/dev.jokersound.com\/wp-content\/uploads\/2020\/01\/Sebastien-POITEVIN-Compositeur-JOKERSOUND.jpg\" class=\"attachment-large size-large\" alt=\"\" \/>\t\t\t\t\t\t\n\t\t\t\t\t<\/div>\n\t\t\t\t\t\t\t\t\n<style scope=\"scope\">\n\n#image_1878311077 {\n  width: 100%;\n}\n<\/style>\n\t<\/div>\n\t\n<\/div><\/div>\n<div class=\"col medium-8 small-12 large-8\"  ><div class=\"col-inner text-left\"  >\n<h2>S\u00e9bastien POITEVIN<\/h2>\n<p>Musicien intermittent du spectacle depuis plus de 20 ans, professeur de batterie et de percussions, Directeur d&rsquo;un Conservatoire de Musique, Danse et Th\u00e9\u00e2tre. Il accompagne des artistes et monte des concepts pour l&rsquo;\u00e9v\u00e9nementiel. S\u00e9bastien commence \u00e0 composer il y a 10 ans pour des publicit\u00e9s, \u00e9missions et documentaires dans diff\u00e9rents styles de musique.<br \/>\nIl participe \u00e9galement \u00e0 \u00e9toffer le catalogue de partition de batterie dans le monde avec son site Best Music Sheet. R\u00e9cemment, il travaille sur le projet International Arts Campus qui s&rsquo;ouvrira en 2024 \u00e0 Fontainebleau (77).<\/p>\n<\/div><\/div>\n\n<style scope=\"scope\">\n\n<\/style>\n<\/div>\n<div class=\"social-icons follow-icons full-width text-right\" ><a href=\"https:\/\/www.facebook.com\/sebastienpoitevin\" target=\"_blank\" data-label=\"Facebook\"  rel=\"nofollow\" class=\"icon plain facebook tooltip\" title=\"Nous suivre sur Facebook\"><i class=\"icon-facebook\" ><\/i><\/a><a href=\"https:\/\/www.instagram.com\/webmusicschool\/\" target=\"_blank\" rel=\"nofollow\" data-label=\"Instagram\" class=\"icon plain  instagram tooltip\" title=\"Nous suivre sur Instagram\"><i class=\"icon-instagram\" ><\/i><\/a><a href=\"https:\/\/twitter.com\/webmusicschool\" target=\"_blank\"  data-label=\"Twitter\"  rel=\"nofollow\" class=\"icon plain  twitter tooltip\" title=\"Nous suivre sur Twitter\"><i class=\"icon-twitter\" ><\/i><\/a><a href=\"mailto:sebpoitevin77@gmail.com\" data-label=\"E-mail\"  rel=\"nofollow\" class=\"icon plain  email tooltip\" title=\"Nous envoyer un email\"><i class=\"icon-envelop\" ><\/i><\/a><a href=\"https:\/\/www.linkedin.com\/in\/sebastienpoitevin\/\" target=\"_blank\" rel=\"nofollow\" data-label=\"LinkedIn\" class=\"icon plain  linkedin tooltip\" title=\"Follow on LinkedIn\"><i class=\"icon-linkedin\" ><\/i><\/a><a href=\"https:\/\/www.youtube.com\/user\/webmusicschool\" target=\"_blank\" rel=\"nofollow\" data-label=\"YouTube\" class=\"icon plain  youtube tooltip\" title=\"Nous suivre sur Youtube\"><i class=\"icon-youtube\" ><\/i><\/a><\/div>\n\t\t<\/div><!-- .section-content -->\n\n\t\t\n<style scope=\"scope\">\n\n#section_633673891 {\n  padding-top: 0px;\n  padding-bottom: 0px;\n  background-color: rgb(0,0,0);\n}\n<\/style>\n\t<\/section>\n\t\n<hr>\n\t<section class=\"section\" id=\"section_1891062290\">\n\t\t<div class=\"bg section-bg fill bg-fill  bg-loaded\" >\n\n\t\t\t\n\t\t\t\n\t\t\t\n\n\t\t<\/div><!-- .section-bg -->\n\n\t\t<div class=\"section-content relative\">\n\t\t\t\n<div class=\"row row-large align-middle\"  id=\"row-1999485211\">\n<div class=\"col medium-4 small-12 large-4\"  ><div class=\"col-inner\"  >\n\t<div class=\"img has-hover x md-x lg-x y md-y lg-y\" id=\"image_1788934789\">\n\t\t\t\t\t\t\t\t<div class=\"img-inner dark\" >\n\t\t\t<img decoding=\"async\" width=\"300\" height=\"250\" src=\"https:\/\/dev.jokersound.com\/wp-content\/uploads\/2020\/05\/Yom-H-Compositeur-JOKERSOUND.jpg\" class=\"attachment-large size-large\" alt=\"\" \/>\t\t\t\t\t\t\n\t\t\t\t\t<\/div>\n\t\t\t\t\t\t\t\t\n<style scope=\"scope\">\n\n#image_1788934789 {\n  width: 100%;\n}\n<\/style>\n\t<\/div>\n\t\n<\/div><\/div>\n<div class=\"col medium-8 small-12 large-8\"  ><div class=\"col-inner text-left\"  >\n<h2>Yom H.<\/h2>\n<p>Auteur \/ Compositeur \/ Interpr\u00e8te (projet solo <a href=\"https:\/\/www.youtube.com\/watch?v=XPzhh61vFY8\" rel=\"noopener noreferrer\" target=\"_blank\">Yom From Mars<\/a>) et fondateur du studio Bad Mekaniks, Yom est aussi un artiste entrepreneur autodidacte aux multiples facettes. De la r\u00e9alisation artistique pour divers artistes \u00e0 la production ex\u00e9cutive en passant par la formation en MAO, il compose \u00e9galement pour des t\u00e9l\u00e9films et court-m\u00e9trages depuis une dizaine d&rsquo;ann\u00e9es. Il cr\u00e9e aussi des compositions originales pour des projets visuels plus personnels aux sonorit\u00e9s Electro, Rock, Pop et Folk.<br \/>\nSite web : <a href=\"http:\/\/www.badmekaniks.net\" rel=\"noopener noreferrer\" target=\"_blank\">www.badmekaniks.net<\/a><\/p>\n<\/div><\/div>\n\n<style scope=\"scope\">\n\n<\/style>\n<\/div>\n<div class=\"social-icons follow-icons full-width text-right\" ><a href=\"mailto:badmekaniks@gmail.com\" data-label=\"E-mail\"  rel=\"nofollow\" class=\"icon plain  email tooltip\" title=\"Nous envoyer un email\"><i class=\"icon-envelop\" ><\/i><\/a><\/div>\n\t\t<\/div><!-- .section-content -->\n\n\t\t\n<style scope=\"scope\">\n\n#section_1891062290 {\n  padding-top: 0px;\n  padding-bottom: 0px;\n  background-color: rgb(0,0,0);\n}\n<\/style>\n\t<\/section>\n\t\n<hr>\n\t<section class=\"section\" id=\"section_532719089\">\n\t\t<div class=\"bg section-bg fill bg-fill  bg-loaded\" >\n\n\t\t\t\n\t\t\t\n\t\t\t\n\n\t\t<\/div><!-- .section-bg -->\n\n\t\t<div class=\"section-content relative\">\n\t\t\t\n<div class=\"row row-large align-middle\"  id=\"row-1161110153\">\n<div class=\"col medium-4 small-12 large-4\"  ><div class=\"col-inner\"  >\n\t<div class=\"img has-hover x md-x lg-x y md-y lg-y\" id=\"image_1582441462\">\n\t\t\t\t\t\t\t\t<div class=\"img-inner dark\" >\n\t\t\t<img loading=\"lazy\" decoding=\"async\" width=\"300\" height=\"250\" src=\"https:\/\/dev.jokersound.com\/wp-content\/uploads\/2020\/07\/Caroline-GLORY-Compositeur-JOKERSOUND.jpg\" class=\"attachment-large size-large\" alt=\"\" \/>\t\t\t\t\t\t\n\t\t\t\t\t<\/div>\n\t\t\t\t\t\t\t\t\n<style scope=\"scope\">\n\n#image_1582441462 {\n  width: 100%;\n}\n<\/style>\n\t<\/div>\n\t\n<\/div><\/div>\n<div class=\"col medium-8 small-12 large-8\"  ><div class=\"col-inner text-left\"  >\n<h2>Caroline GLORY<\/h2>\n<p>Caroline Glory commence le violoncelle et le piano \u00e0 l\u2019\u00e2ge de 6 ans. Elle obtient \u00e0 12 ans deux Premiers Prix de Violoncelle et de Musique de Chambre au Conservatoire de Lyon et compose ses premi\u00e8res oeuvres pour trio avec piano. Elle remporte \u00e0 l\u2019\u00e2ge de 15 ans le 1er Prix Soliste de la Ville de Paris.<br \/>\nPassionn\u00e9e par l\u2019\u00e9criture musicale, Caroline Glory est amen\u00e9e depuis son plus jeune \u00e2ge \u00e0 composer de nombreuses oeuvres orchestrales et de musique de chambre.Compositrice remarqu\u00e9e, elle sera demand\u00e9e pour des musiques de film (Mon fr\u00e8re Yves de Pierre Loti, Le jour et la nuit de Jessica Grunwarld&#8230;) et enregistre un premier disque de ses compositions All\u00e9luia.<\/p>\n<\/div><\/div>\n\n<style scope=\"scope\">\n\n<\/style>\n<\/div>\n<div class=\"social-icons follow-icons full-width text-right\" ><a href=\"https:\/\/www.facebook.com\/caroline.glory.3\" target=\"_blank\" data-label=\"Facebook\"  rel=\"nofollow\" class=\"icon plain facebook tooltip\" title=\"Nous suivre sur Facebook\"><i class=\"icon-facebook\" ><\/i><\/a><\/div>\n\t\t<\/div><!-- .section-content -->\n\n\t\t\n<style scope=\"scope\">\n\n#section_532719089 {\n  padding-top: 0px;\n  padding-bottom: 0px;\n  background-color: rgb(0,0,0);\n}\n<\/style>\n\t<\/section>\n\t\n<hr>\n\t<section class=\"section\" id=\"section_788020860\">\n\t\t<div class=\"bg section-bg fill bg-fill  bg-loaded\" >\n\n\t\t\t\n\t\t\t\n\t\t\t\n\n\t\t<\/div><!-- .section-bg -->\n\n\t\t<div class=\"section-content relative\">\n\t\t\t\n<div class=\"row row-large align-middle\"  id=\"row-1264056527\">\n<div class=\"col medium-4 small-12 large-4\"  ><div class=\"col-inner\"  >\n\t<div class=\"img has-hover x md-x lg-x y md-y lg-y\" id=\"image_580962003\">\n\t\t\t\t\t\t\t\t<div class=\"img-inner dark\" >\n\t\t\t<img loading=\"lazy\" decoding=\"async\" width=\"300\" height=\"250\" src=\"https:\/\/dev.jokersound.com\/wp-content\/uploads\/2020\/10\/Nicolas-MINGOT-Compositeur-JOKERSOUND.jpg\" class=\"attachment-large size-large\" alt=\"\" \/>\t\t\t\t\t\t\n\t\t\t\t\t<\/div>\n\t\t\t\t\t\t\t\t\n<style scope=\"scope\">\n\n#image_580962003 {\n  width: 100%;\n}\n<\/style>\n\t<\/div>\n\t\n<\/div><\/div>\n<div class=\"col medium-8 small-12 large-8\"  ><div class=\"col-inner text-left\"  >\n<h2>Nicolas MINGOT<\/h2>\n<p>Guitariste et compositeur, son apprentissage de la musique d\u00e9bute avec la guitare classique puis \u00e9lectrique. Il travaille avec de nombreux artistes Fran\u00e7ais et \u00e9trangers, participe \u00e0 leur discographie et\/ou tourne en Europe, aux Etats unis, en Asie et Australie. (Tony Allen, Jad Wio, CharlElie Couture, Gabriel Yacoub, Gildas Arzel, Tony Visconty, Marc Lavoine, Geoffrey Oryema, Pierre Akendengu\u00e9, , Anggun, C\u00e9line Dion, Florent Pagny, Charles Aznavour, Malicorne&#8230;). Il r\u00e9alise ou co\/r\u00e9alise \u00e9galement des disques en France, en Australie, aux \u00e9tats unis et au Maroc.<br \/>\nil a \u00e9galement compos\u00e9 la musique de nombreux documentaires (faites entrer l\u2019accus\u00e9 F2, enqu\u00eate de sant\u00e9 F5, zone interdite M6, il faut sauver les rhinoc\u00e9ros noirs F3, sale temps pour la plan\u00e8te F5, etc etc), des musiques de film (L&rsquo;odyss\u00e9e de l\u2019amour de Thierry Binistry, Mon fr\u00e8re Yves de PPDA, les mains de roxana de Philippe Setbon, Le choix de cheyenne de Jean Marc Brondolo, Monsieur Cauchemar de Jean Pierre Mocky), ainsi que de nombreuses musiques de spectacle. <\/p>\n<\/div><\/div>\n\n<style scope=\"scope\">\n\n<\/style>\n<\/div>\n<div class=\"social-icons follow-icons full-width text-right\" ><a href=\"https:\/\/www.facebook.com\/nicolas.mingot.3\" target=\"_blank\" data-label=\"Facebook\"  rel=\"nofollow\" class=\"icon plain facebook tooltip\" title=\"Nous suivre sur Facebook\"><i class=\"icon-facebook\" ><\/i><\/a><\/div>\n\t\t<\/div><!-- .section-content -->\n\n\t\t\n<style scope=\"scope\">\n\n#section_788020860 {\n  padding-top: 0px;\n  padding-bottom: 0px;\n  background-color: rgb(0,0,0);\n}\n<\/style>\n\t<\/section>\n\t\n[\/section]\n<hr>\n\t<section class=\"section\" id=\"section_1141909600\">\n\t\t<div class=\"bg section-bg fill bg-fill  bg-loaded\" >\n\n\t\t\t\n\t\t\t\n\t\t\t\n\n\t\t<\/div><!-- .section-bg -->\n\n\t\t<div class=\"section-content relative\">\n\t\t\t\n<div class=\"row row-large align-middle\"  id=\"row-30513459\">\n<div class=\"col medium-4 small-12 large-4\"  ><div class=\"col-inner\"  >\n\t<div class=\"img has-hover x md-x lg-x y md-y lg-y\" id=\"image_1226226522\">\n\t\t\t\t\t\t\t\t<div class=\"img-inner dark\" >\n\t\t\t<img loading=\"lazy\" decoding=\"async\" width=\"300\" height=\"250\" src=\"https:\/\/dev.jokersound.com\/wp-content\/uploads\/2021\/02\/Pablo-MONTANELLI-Compositeur-JOKERSOUND.jpg\" class=\"attachment-large size-large\" alt=\"\" \/>\t\t\t\t\t\t\n\t\t\t\t\t<\/div>\n\t\t\t\t\t\t\t\t\n<style scope=\"scope\">\n\n#image_1226226522 {\n  width: 100%;\n}\n<\/style>\n\t<\/div>\n\t\n<\/div><\/div>\n<div class=\"col medium-8 small-12 large-8\"  ><div class=\"col-inner text-left\"  >\n<h2>Pablo MONTANELLI<\/h2>\n<p>Pianiste et compositeur, n\u00e9 \u00e0 Buenos Aires en 1971. Il grandi dans une famille de tangueros, et dans les ann\u00e9es 90 il commenc\u00e9 \u00e0 jouer ses premiers tangos, apr\u00e8s avoir investigu\u00e9 le Blues et le Rock, influences qui sont int\u00e9gr\u00e9es \u00e0 son r\u00e9pertoire actuel.<br \/>\nD\u00e9but 2016, son album \u00ab\u00a0Piano Piano\u00a0\u00bb est sorti avec 8 chansons de sa composition, produit par Tango M\u00edo and Co.<br \/>\nDe 2009 \u00e0 2019, il a dirig\u00e9 El Cachivache Orkesta (Tango Punk) en tourn\u00e9e \u00e0 travers le monde.<br \/>\nEn 2019, il enregistre son deuxi\u00e8me album \u00ab\u00a0Rayolazo\u00a0\u00bb avec des musiciens invit\u00e9s tel Alfredo Piro, avec qui il forme le duo TANGOTICO en 2019, des compositions propres aux influences tango et rock.<br \/>\nEn 2020, il pr\u00e9sente le Rayolazo et les tangos classiques avec un nouveau CD \u00ab\u00a0Tango del futuro\u00a0\u00bb en Europe, en Argentine et en Inde.<br \/>\nAujourd&rsquo;hui on peut aussi profiter de son nouvel album \u00ab\u00a0ANANDA\u00a0\u00bb (2020) Une musique plus cin\u00e9matographique.<\/p>\n<\/div><\/div>\n\n<style scope=\"scope\">\n\n<\/style>\n<\/div>\n<div class=\"social-icons follow-icons full-width text-right\" ><a href=\"https:\/\/www.facebook.com\/pianomontanelli\/\" target=\"_blank\" data-label=\"Facebook\"  rel=\"nofollow\" class=\"icon plain facebook tooltip\" title=\"Nous suivre sur Facebook\"><i class=\"icon-facebook\" ><\/i><\/a><a href=\"https:\/\/www.instagram.com\/pablomontanelli\/?hl=es-la\" target=\"_blank\" rel=\"nofollow\" data-label=\"Instagram\" class=\"icon plain  instagram tooltip\" title=\"Nous suivre sur Instagram\"><i class=\"icon-instagram\" ><\/i><\/a><\/div>\n\t\t<\/div><!-- .section-content -->\n\n\t\t\n<style scope=\"scope\">\n\n#section_1141909600 {\n  padding-top: 0px;\n  padding-bottom: 0px;\n  background-color: rgb(0,0,0);\n}\n<\/style>\n\t<\/section>\n\t\n","protected":false},"excerpt":{"rendered":"[\/section]\n","protected":false},"author":5,"featured_media":0,"parent":0,"menu_order":0,"comment_status":"closed","ping_status":"closed","template":"page-right-sidebar.php","meta":{"_exactmetrics_skip_tracking":false,"_exactmetrics_sitenote_active":false,"_exactmetrics_sitenote_note":"","_exactmetrics_sitenote_category":0,"footnotes":""},"class_list":["post-1679","page","type-page","status-publish","hentry"],"yoast_head":"<!-- This site is optimized with the Yoast SEO plugin v25.2 - https:\/\/yoast.com\/wordpress\/plugins\/seo\/ -->\n<title>Les compositeurs - Jokersound<\/title>\n<meta name=\"robots\" content=\"noindex, follow, max-snippet:-1, max-image-preview:large, max-video-preview:-1\" \/>\n<meta property=\"og:locale\" content=\"fr_FR\" \/>\n<meta property=\"og:type\" content=\"article\" \/>\n<meta property=\"og:title\" content=\"Les compositeurs de Jokersound\" \/>\n<meta property=\"og:description\" content=\"Christophe MOUTOT - Sebastien POITEVIN\" \/>\n<meta property=\"og:url\" content=\"https:\/\/dev.jokersound.com\/?page_id=1679\" \/>\n<meta property=\"og:site_name\" content=\"Jokersound\" \/>\n<meta property=\"article:modified_time\" content=\"2021-02-07T17:40:59+00:00\" \/>\n<meta name=\"twitter:card\" content=\"summary_large_image\" \/>\n<meta name=\"twitter:title\" content=\"Les compositeurs de Jokersound\" \/>\n<meta name=\"twitter:description\" content=\"Christophe MOUTOT - Sebastien POITEVIN\" \/>\n<meta name=\"twitter:label1\" content=\"Dur\u00e9e de lecture estim\u00e9e\" \/>\n\t<meta name=\"twitter:data1\" content=\"5 minutes\" \/>\n<script type=\"application\/ld+json\" class=\"yoast-schema-graph\">{\"@context\":\"https:\/\/schema.org\",\"@graph\":[{\"@type\":\"WebPage\",\"@id\":\"https:\/\/dev.jokersound.com\/?page_id=1679\",\"url\":\"https:\/\/dev.jokersound.com\/?page_id=1679\",\"name\":\"Les compositeurs - Jokersound\",\"isPartOf\":{\"@id\":\"https:\/\/dev.jokersound.com\/#website\"},\"datePublished\":\"2019-09-06T18:21:14+00:00\",\"dateModified\":\"2021-02-07T17:40:59+00:00\",\"breadcrumb\":{\"@id\":\"https:\/\/dev.jokersound.com\/?page_id=1679#breadcrumb\"},\"inLanguage\":\"fr-FR\",\"potentialAction\":[{\"@type\":\"ReadAction\",\"target\":[\"https:\/\/dev.jokersound.com\/?page_id=1679\"]}]},{\"@type\":\"BreadcrumbList\",\"@id\":\"https:\/\/dev.jokersound.com\/?page_id=1679#breadcrumb\",\"itemListElement\":[{\"@type\":\"ListItem\",\"position\":1,\"name\":\"Accueil\",\"item\":\"https:\/\/dev.jokersound.com\/\"},{\"@type\":\"ListItem\",\"position\":2,\"name\":\"Les compositeurs\"}]},{\"@type\":\"WebSite\",\"@id\":\"https:\/\/dev.jokersound.com\/#website\",\"url\":\"https:\/\/dev.jokersound.com\/\",\"name\":\"Jokersound\",\"description\":\"Notre musique pour vos images\",\"potentialAction\":[{\"@type\":\"SearchAction\",\"target\":{\"@type\":\"EntryPoint\",\"urlTemplate\":\"https:\/\/dev.jokersound.com\/?s={search_term_string}\"},\"query-input\":{\"@type\":\"PropertyValueSpecification\",\"valueRequired\":true,\"valueName\":\"search_term_string\"}}],\"inLanguage\":\"fr-FR\"}]}<\/script>\n<!-- \/ Yoast SEO plugin. -->","yoast_head_json":{"title":"Les compositeurs - Jokersound","robots":{"index":"noindex","follow":"follow","max-snippet":"max-snippet:-1","max-image-preview":"max-image-preview:large","max-video-preview":"max-video-preview:-1"},"og_locale":"fr_FR","og_type":"article","og_title":"Les compositeurs de Jokersound","og_description":"Christophe MOUTOT - Sebastien POITEVIN","og_url":"https:\/\/dev.jokersound.com\/?page_id=1679","og_site_name":"Jokersound","article_modified_time":"2021-02-07T17:40:59+00:00","twitter_card":"summary_large_image","twitter_title":"Les compositeurs de Jokersound","twitter_description":"Christophe MOUTOT - Sebastien POITEVIN","twitter_misc":{"Dur\u00e9e de lecture estim\u00e9e":"5 minutes"},"schema":{"@context":"https:\/\/schema.org","@graph":[{"@type":"WebPage","@id":"https:\/\/dev.jokersound.com\/?page_id=1679","url":"https:\/\/dev.jokersound.com\/?page_id=1679","name":"Les compositeurs - Jokersound","isPartOf":{"@id":"https:\/\/dev.jokersound.com\/#website"},"datePublished":"2019-09-06T18:21:14+00:00","dateModified":"2021-02-07T17:40:59+00:00","breadcrumb":{"@id":"https:\/\/dev.jokersound.com\/?page_id=1679#breadcrumb"},"inLanguage":"fr-FR","potentialAction":[{"@type":"ReadAction","target":["https:\/\/dev.jokersound.com\/?page_id=1679"]}]},{"@type":"BreadcrumbList","@id":"https:\/\/dev.jokersound.com\/?page_id=1679#breadcrumb","itemListElement":[{"@type":"ListItem","position":1,"name":"Accueil","item":"https:\/\/dev.jokersound.com\/"},{"@type":"ListItem","position":2,"name":"Les compositeurs"}]},{"@type":"WebSite","@id":"https:\/\/dev.jokersound.com\/#website","url":"https:\/\/dev.jokersound.com\/","name":"Jokersound","description":"Notre musique pour vos images","potentialAction":[{"@type":"SearchAction","target":{"@type":"EntryPoint","urlTemplate":"https:\/\/dev.jokersound.com\/?s={search_term_string}"},"query-input":{"@type":"PropertyValueSpecification","valueRequired":true,"valueName":"search_term_string"}}],"inLanguage":"fr-FR"}]}},"_links":{"self":[{"href":"https:\/\/dev.jokersound.com\/index.php?rest_route=\/wp\/v2\/pages\/1679"}],"collection":[{"href":"https:\/\/dev.jokersound.com\/index.php?rest_route=\/wp\/v2\/pages"}],"about":[{"href":"https:\/\/dev.jokersound.com\/index.php?rest_route=\/wp\/v2\/types\/page"}],"author":[{"embeddable":true,"href":"https:\/\/dev.jokersound.com\/index.php?rest_route=\/wp\/v2\/users\/5"}],"replies":[{"embeddable":true,"href":"https:\/\/dev.jokersound.com\/index.php?rest_route=%2Fwp%2Fv2%2Fcomments&post=1679"}],"version-history":[{"count":47,"href":"https:\/\/dev.jokersound.com\/index.php?rest_route=\/wp\/v2\/pages\/1679\/revisions"}],"predecessor-version":[{"id":2748,"href":"https:\/\/dev.jokersound.com\/index.php?rest_route=\/wp\/v2\/pages\/1679\/revisions\/2748"}],"wp:attachment":[{"href":"https:\/\/dev.jokersound.com\/index.php?rest_route=%2Fwp%2Fv2%2Fmedia&parent=1679"}],"curies":[{"name":"wp","href":"https:\/\/api.w.org\/{rel}","templated":true}]}}