{"id":1670,"date":"2019-09-06T20:12:37","date_gmt":"2019-09-06T18:12:37","guid":{"rendered":"https:\/\/jokersound.com\/?page_id=1670"},"modified":"2019-09-11T10:06:12","modified_gmt":"2019-09-11T08:06:12","slug":"aide","status":"publish","type":"page","link":"https:\/\/dev.jokersound.com\/?page_id=1670","title":{"rendered":"Aide"},"content":{"rendered":"<div class=\"row\"  id=\"row-1581562187\">\n<div class=\"col small-12 large-12\"  ><div class=\"col-inner\"  >\n<center><p class=\"lead\">Voici les questions les plus fr\u00e9quentes, vous en avez d'autres ?<br \/>\r\n==> <a href=\"https:\/\/dev.jokersound.com\/contact\/\">Page Contact<\/a><\/p><\/center>\r\n\r\n<h3 class=\"accordion_title\">JOKERSOUND... Qu'est ce que c'est ?<\/h3><div class=\"accordion\" rel=\"\">\r\n\r\n<div class=\"accordion-item\"><a href=\"#\" class=\"accordion-title plain\"><button class=\"toggle\"><i class=\"icon-angle-down\"><\/i><\/button><span>Jokersound<\/span><\/a><div class=\"accordion-inner\">\r\n\r\n<strong>JOKERSOUND<\/strong> est un site de musique \u00e0 l\u2019image, avec un moteur de recherche par mot clef pour trouver la musique qui vous correspond. Depuis 2007, nous avons travaill\u00e9 avec toutes les cha\u00eenes nationales fran\u00e7aises et internationales. <br>\r\nDocumentaire, long m\u00e9trage, court m\u00e9trage, film publicitaire, reportages, musique de jeux vid\u00e9os, sites web, vous \u00eates tr\u00e8s nombreux \u00e0 nous avoir fait confiance. Notre objectif : que vous trouviez votre musique le plus rapidement possible.\r\n\r\n<\/div><\/div>\r\n<div class=\"accordion-item\"><a href=\"#\" class=\"accordion-title plain\"><button class=\"toggle\"><i class=\"icon-angle-down\"><\/i><\/button><span>Qui sommes nous ?<\/span><\/a><div class=\"accordion-inner\">\r\n\r\nNous sommes trois \u00e0 avoir cr\u00e9e JOKERSOUND, Sebastien POITEVIN, Christophe MOUTOT et Arnaud ROLLAT. Nous sommes tous les trois compositeurs, mais avec une tres grande experience dans le domaine audiovisuel, ce qui nous permet de parfaitement comprendre les demandes de musique \u00e0 l\u2019image. Beaucoup de compositeurs nous ont rejoint depuis et la famille ne cesse de s\u2019agrandir au fil des ann\u00e9es. Le but n\u2019est pas de vous proposer des milliers de titres, mais de vous offrir de la rapidit\u00e9 et de la simplicit\u00e9. \r\n\r\n<\/div><\/div>\r\n<div class=\"accordion-item\"><a href=\"#\" class=\"accordion-title plain\"><button class=\"toggle\"><i class=\"icon-angle-down\"><\/i><\/button><span>Nos r\u00e9f\u00e9rences<\/span><\/a><div class=\"accordion-inner\">\r\n\r\nDepuis 2007, nous avons travaill\u00e9 pour toutes les cha\u00eenes fran\u00e7aises (TF1, FRANCE TV, ARTE, M6, LCI, CANAL+, BBC, etc\u2026) et beaucoup d\u2019autres \u00e0 l\u2019international. vous pouvez aller sur notre chaine youtube pour un aper\u00e7u de nos collaborations. Nous avons \u00e9galement travaill\u00e9, sur des courts m\u00e9trages, des pubs, des bandes annonces, etc etc \r\n\r\n<\/div><\/div>\r\n<\/div><br \/>\r\n\r\n\r\n<h3 class=\"accordion_title\">Fonctionnement du site<\/h3><div class=\"accordion\" rel=\"\">\r\n\r\n<div class=\"accordion-item\"><a href=\"#\" class=\"accordion-title plain\"><button class=\"toggle\"><i class=\"icon-angle-down\"><\/i><\/button><span>Comment \u00e7a marche ?<\/span><\/a><div class=\"accordion-inner\">\r\n\r\nPour trouver de la musique, rien de plus simple. Inscrivez vous gratuitement, et faites votre recherche par mot clef. Vous pouvez mettre plusieurs mots clefs pour une recherche plus fine. \r\nIl ne vous reste plus qu\u2019\u00e0 \u00e9couter. Si cela vous convient, mettre le titre dans votre panier. t\u00e9l\u00e9chargez votre panier, en choisissant votre format (AIF pour une meilleure qualit\u00e9 ou mp3 si votre connexion internet est lente). \r\nIns\u00e9rez vos pistes dans votre montage, et n\u2019oubliez pas de faire la d\u00e9claration \u00e0 la SACEM. Si vous ne savez pas comment faire, suivez ce lien.\r\n\r\n<\/div><\/div>\r\n<div class=\"accordion-item\"><a href=\"#\" class=\"accordion-title plain\"><button class=\"toggle\"><i class=\"icon-angle-down\"><\/i><\/button><span>C\u2019est quoi le petit rond avec un \u201c+4\u201d dedans ?<\/span><\/a><div class=\"accordion-inner\">\r\n\r\nIl s\u2019agit du nombre de versions alternatives pour le titre concern\u00e9. Vous pouvez ainsi avoir un titre d\u00e9clin\u00e9 en plusieurs versions. Par exemple, une version plus courte, ou alors juste la guitare, ou juste le piano, cela vous permet de garder un th\u00e8me qui vous pla\u00eet et de l\u2019inclure  plusieurs fois dans votre montage sans que cela soit r\u00e9barbatif. \r\nSi la version que vous souhaitez n\u2019existe pas sur le site, vous pouvez faire une demande en ligne sur ce lien. \r\n\r\n<\/div><\/div>\r\n<div class=\"accordion-item\"><a href=\"#\" class=\"accordion-title plain\"><button class=\"toggle\"><i class=\"icon-angle-down\"><\/i><\/button><span>Combien \u00e7a co\u00fbte ?<\/span><\/a><div class=\"accordion-inner\">\r\n\r\nToute la musique que vous trouvez sur le site est gratuite \u00e0 deux exceptions :\r\n<ul>\r\n\t<li>vous utilisez la musique pour un film promotionnel ou une publicit\u00e9. <\/li>\r\n\t<li>vous utilisez la musique pour une diffusion uniquement sur internet. <\/li>\r\n<\/ul>\r\n\r\nDans ces deux cas, <strong>VOUS DEVEZ NOUS CONTACTER POUR OBTENIR UN DEVIS<\/strong>. Pour toute autre utilisation, vous ne payez rien, la seule chose que vous devez obligatoirement faire, c\u2019est de d\u00e9clarer la musique. Suivez ce lien si vous ne savez pas comment faire ==> <a href=\"https:\/\/dev.jokersound.com\/contact\/\" rel=\"noopener noreferrer\" target=\"_blank\">Page Contact<\/a>\r\n\r\n<\/div><\/div>\r\n<\/div><br \/>\r\n\r\n<h3 class=\"accordion_title\">Les services sur mesure<\/h3><div class=\"accordion\" rel=\"\">\r\n\r\n<div class=\"accordion-item\"><a href=\"#\" class=\"accordion-title plain\"><button class=\"toggle\"><i class=\"icon-angle-down\"><\/i><\/button><span>Quels services sur mesure proposez-vous ?<\/span><\/a><div class=\"accordion-inner\">\r\n\r\n<strong>JOKERSOUND<\/strong> vous propose de la musique sur mesure. que vous soyez monteur, r\u00e9alisateur, web designer, journaliste, nous vous proposons de faire la musique qui convient \u00e0 votre projet. Plusieurs compositeurs travaillent avec <strong>JOKERSOUND<\/strong> et nous sommes capable de vous livrer n\u2019importe quel style de musique. \r\nvous pouvez \u00e9galement demander de modifier des musiques existantes sur le site, plus rapide ou plus lente, avec moins de guitare, plus de piano, vous choisissez exactement ce que vous voulez, selon vos go\u00fbts.\r\n\r\n<\/div><\/div>\r\n<div class=\"accordion-item\"><a href=\"#\" class=\"accordion-title plain\"><button class=\"toggle\"><i class=\"icon-angle-down\"><\/i><\/button><span>Comment demander de la musique sur mesure ?<\/span><\/a><div class=\"accordion-inner\">\r\n\r\nFaites nous part de votre projet \u00e0 partir du <a href=\"https:\/\/dev.jokersound.com\/contact\/\" rel=\"noopener noreferrer\" target=\"_blank\">formulaire de contact<\/a> et nous vous faisons un devis dans les plus bref d\u00e9lai. Soyez le plus pr\u00e9cis possible dans votre demande afin que nous puissions \u00e9valuer le temps pass\u00e9 et donc le prix pour un devis plus pr\u00e9cis.\r\n\r\n<\/div><\/div>\r\n<div class=\"accordion-item\"><a href=\"#\" class=\"accordion-title plain\"><button class=\"toggle\"><i class=\"icon-angle-down\"><\/i><\/button><span>Quel d\u00e9lai pour composer la musique ?<\/span><\/a><div class=\"accordion-inner\">\r\n\r\nNous ferons tout pour que vous ayez vos pistes de musique le plus rapidement possible. nous pouvons parfois travailler \u00e0 plusieurs compositeurs pour plus d\u2019efficacit\u00e9, et nous avons l\u2019habitude de travailler vite. Certains titres peuvent se composer en une journ\u00e9e. Mais plus la demande est complexe, plus il faudra de temps. \r\n\r\n<\/div><\/div>\r\n<div class=\"accordion-item\"><a href=\"#\" class=\"accordion-title plain\"><button class=\"toggle\"><i class=\"icon-angle-down\"><\/i><\/button><span>Quels sont les prix pour un service sur mesure ?<\/span><\/a><div class=\"accordion-inner\">\r\n\r\nCela d\u00e9pend du support sur lequel vous travaillez, du nombre de titres demand\u00e9s et du style. Le temps demand\u00e9 pour \u00e9crire une pi\u00e8ce symphonique est forc\u00e9ment plus \u00e9lev\u00e9 qu\u2019un simple titre ambiance. Le prix sera diff\u00e9rent entre une publicit\u00e9, un web doc ou un jingle, cela d\u00e9pend des revenus de droits d\u2019auteurs qui peuvent \u00eatre per\u00e7us par les compositeurs. Et quelque soit votre projet, nous nous adaptons \u00e0 votre budget. \r\n\r\n<\/div><\/div>\r\n<div class=\"accordion-item\"><a href=\"#\" class=\"accordion-title plain\"><button class=\"toggle\"><i class=\"icon-angle-down\"><\/i><\/button><span>Vous avez fait une demande de musique sur mesure, et vous n\u2019avez pas de nouvelles ?<\/span><\/a><div class=\"accordion-inner\">\r\n\r\nNous traitons les demandes dans leur ordre d\u2019arriv\u00e9e. Si jamais vous n\u2019avez aucune nouvelle, il se peut que votre mail soit tomb\u00e9 dans le dossier ind\u00e9sirable de notre boite mail. Essayez \u00e0 nouveau avec un email diff\u00e9rent ou par notre <a href=\"https:\/\/dev.jokersound.com\/contact\/\" rel=\"noopener noreferrer\" target=\"_blank\">Formulaire de contact<\/a>. \r\n\r\n<\/div><\/div>\r\n<\/div><br \/>\n<\/div><\/div>\n\n<style scope=\"scope\">\n\n#row-1581562187 > .col > .col-inner {\n  padding: 0px 50px 0px 50px;\n}\n<\/style>\n<\/div>\n","protected":false},"excerpt":{"rendered":"","protected":false},"author":5,"featured_media":0,"parent":0,"menu_order":0,"comment_status":"closed","ping_status":"closed","template":"page-right-sidebar.php","meta":{"_exactmetrics_skip_tracking":false,"_exactmetrics_sitenote_active":false,"_exactmetrics_sitenote_note":"","_exactmetrics_sitenote_category":0,"footnotes":""},"class_list":["post-1670","page","type-page","status-publish","hentry"],"yoast_head":"<!-- This site is optimized with the Yoast SEO plugin v25.2 - https:\/\/yoast.com\/wordpress\/plugins\/seo\/ -->\n<title>Aide - Jokersound<\/title>\n<meta name=\"robots\" content=\"noindex, follow, max-snippet:-1, max-image-preview:large, max-video-preview:-1\" \/>\n<meta property=\"og:locale\" content=\"fr_FR\" \/>\n<meta property=\"og:type\" content=\"article\" \/>\n<meta property=\"og:title\" content=\"Aide - Jokersound\" \/>\n<meta property=\"og:url\" content=\"https:\/\/dev.jokersound.com\/?page_id=1670\" \/>\n<meta property=\"og:site_name\" content=\"Jokersound\" \/>\n<meta property=\"article:modified_time\" content=\"2019-09-11T08:06:12+00:00\" \/>\n<meta name=\"twitter:card\" content=\"summary_large_image\" \/>\n<script type=\"application\/ld+json\" class=\"yoast-schema-graph\">{\"@context\":\"https:\/\/schema.org\",\"@graph\":[{\"@type\":\"WebPage\",\"@id\":\"https:\/\/dev.jokersound.com\/?page_id=1670\",\"url\":\"https:\/\/dev.jokersound.com\/?page_id=1670\",\"name\":\"Aide - Jokersound\",\"isPartOf\":{\"@id\":\"https:\/\/dev.jokersound.com\/#website\"},\"datePublished\":\"2019-09-06T18:12:37+00:00\",\"dateModified\":\"2019-09-11T08:06:12+00:00\",\"breadcrumb\":{\"@id\":\"https:\/\/dev.jokersound.com\/?page_id=1670#breadcrumb\"},\"inLanguage\":\"fr-FR\",\"potentialAction\":[{\"@type\":\"ReadAction\",\"target\":[\"https:\/\/dev.jokersound.com\/?page_id=1670\"]}]},{\"@type\":\"BreadcrumbList\",\"@id\":\"https:\/\/dev.jokersound.com\/?page_id=1670#breadcrumb\",\"itemListElement\":[{\"@type\":\"ListItem\",\"position\":1,\"name\":\"Accueil\",\"item\":\"https:\/\/dev.jokersound.com\/\"},{\"@type\":\"ListItem\",\"position\":2,\"name\":\"Aide\"}]},{\"@type\":\"WebSite\",\"@id\":\"https:\/\/dev.jokersound.com\/#website\",\"url\":\"https:\/\/dev.jokersound.com\/\",\"name\":\"Jokersound\",\"description\":\"Notre musique pour vos images\",\"potentialAction\":[{\"@type\":\"SearchAction\",\"target\":{\"@type\":\"EntryPoint\",\"urlTemplate\":\"https:\/\/dev.jokersound.com\/?s={search_term_string}\"},\"query-input\":{\"@type\":\"PropertyValueSpecification\",\"valueRequired\":true,\"valueName\":\"search_term_string\"}}],\"inLanguage\":\"fr-FR\"}]}<\/script>\n<!-- \/ Yoast SEO plugin. -->","yoast_head_json":{"title":"Aide - Jokersound","robots":{"index":"noindex","follow":"follow","max-snippet":"max-snippet:-1","max-image-preview":"max-image-preview:large","max-video-preview":"max-video-preview:-1"},"og_locale":"fr_FR","og_type":"article","og_title":"Aide - Jokersound","og_url":"https:\/\/dev.jokersound.com\/?page_id=1670","og_site_name":"Jokersound","article_modified_time":"2019-09-11T08:06:12+00:00","twitter_card":"summary_large_image","schema":{"@context":"https:\/\/schema.org","@graph":[{"@type":"WebPage","@id":"https:\/\/dev.jokersound.com\/?page_id=1670","url":"https:\/\/dev.jokersound.com\/?page_id=1670","name":"Aide - Jokersound","isPartOf":{"@id":"https:\/\/dev.jokersound.com\/#website"},"datePublished":"2019-09-06T18:12:37+00:00","dateModified":"2019-09-11T08:06:12+00:00","breadcrumb":{"@id":"https:\/\/dev.jokersound.com\/?page_id=1670#breadcrumb"},"inLanguage":"fr-FR","potentialAction":[{"@type":"ReadAction","target":["https:\/\/dev.jokersound.com\/?page_id=1670"]}]},{"@type":"BreadcrumbList","@id":"https:\/\/dev.jokersound.com\/?page_id=1670#breadcrumb","itemListElement":[{"@type":"ListItem","position":1,"name":"Accueil","item":"https:\/\/dev.jokersound.com\/"},{"@type":"ListItem","position":2,"name":"Aide"}]},{"@type":"WebSite","@id":"https:\/\/dev.jokersound.com\/#website","url":"https:\/\/dev.jokersound.com\/","name":"Jokersound","description":"Notre musique pour vos images","potentialAction":[{"@type":"SearchAction","target":{"@type":"EntryPoint","urlTemplate":"https:\/\/dev.jokersound.com\/?s={search_term_string}"},"query-input":{"@type":"PropertyValueSpecification","valueRequired":true,"valueName":"search_term_string"}}],"inLanguage":"fr-FR"}]}},"_links":{"self":[{"href":"https:\/\/dev.jokersound.com\/index.php?rest_route=\/wp\/v2\/pages\/1670"}],"collection":[{"href":"https:\/\/dev.jokersound.com\/index.php?rest_route=\/wp\/v2\/pages"}],"about":[{"href":"https:\/\/dev.jokersound.com\/index.php?rest_route=\/wp\/v2\/types\/page"}],"author":[{"embeddable":true,"href":"https:\/\/dev.jokersound.com\/index.php?rest_route=\/wp\/v2\/users\/5"}],"replies":[{"embeddable":true,"href":"https:\/\/dev.jokersound.com\/index.php?rest_route=%2Fwp%2Fv2%2Fcomments&post=1670"}],"version-history":[{"count":3,"href":"https:\/\/dev.jokersound.com\/index.php?rest_route=\/wp\/v2\/pages\/1670\/revisions"}],"predecessor-version":[{"id":1721,"href":"https:\/\/dev.jokersound.com\/index.php?rest_route=\/wp\/v2\/pages\/1670\/revisions\/1721"}],"wp:attachment":[{"href":"https:\/\/dev.jokersound.com\/index.php?rest_route=%2Fwp%2Fv2%2Fmedia&parent=1670"}],"curies":[{"name":"wp","href":"https:\/\/api.w.org\/{rel}","templated":true}]}}