{"id":1657,"date":"2019-09-06T19:01:39","date_gmt":"2019-09-06T17:01:39","guid":{"rendered":"https:\/\/jokersound.com\/?page_id=1657"},"modified":"2019-09-28T19:34:07","modified_gmt":"2019-09-28T17:34:07","slug":"declarer-des-oeuvres","status":"publish","type":"page","link":"https:\/\/dev.jokersound.com\/?page_id=1657","title":{"rendered":"D\u00e9clarer des oeuvres"},"content":{"rendered":"<div class=\"row\"  id=\"row-490791903\">\n<div class=\"col small-12 large-12\"  ><div class=\"col-inner\" style=\"padding:0px 50px 0px 50px;\" >\n<p>&nbsp;<\/p>\n<h1>Pourquoi d\u00e9clarer les oeuvres que vous utilisez ?<\/h1>\n<p>&nbsp;<\/p>\n<p class=\"lead\">La musique que vous avez t\u00e9l\u00e9charg\u00e9 est prot\u00e9g\u00e9e par la SACEM et doit donc \u00eatre d\u00e9clar\u00e9e. Vous devez communiquer ces informations au diffuseur de votre programme. Il s\u2019occupera ensuite de faire la d\u00e9claration \u00e0 la SACEM. C\u2019est de cette fa\u00e7on que les auteurs\/compositeurs seront r\u00e9mun\u00e9r\u00e9s.<\/p>\n<p>&nbsp;<\/p>\n<h1><\/h1>\n<p>&nbsp;<\/p>\n<h1>Quelles sont les informations \u00e0 communiquer ?<\/h1>\n<p>&nbsp;<\/p>\n<p>&nbsp;<\/p>\n<ul>\n<li>\n<p class=\"lead\">Le <strong>nom<\/strong> et le <strong>pr\u00e9nom<\/strong> du compositeur et\/ou de l\u2019auteur (s\u2019il s\u2019agit d\u2019une chanson, l\u2019auteur est celui qui a \u00e9crit les paroles).<\/p>\n<\/li>\n<li>\n<p class=\"lead\">Le <strong>titre<\/strong> de la musique que vous avez choisi.<\/p>\n<\/li>\n<li>\n<p class=\"lead\">La <strong>dur\u00e9e<\/strong> de la musique que vous avez utilis\u00e9e dans votre production.<\/p>\n<\/li>\n<\/ul>\n<p>&nbsp;<\/p>\n<p>&nbsp;<\/p>\n<h1><\/h1>\n<h1>J&rsquo;ai utilis\u00e9 une version alternative<\/h1>\n<p>&nbsp;<\/p>\n<p class=\"lead\">Dans ce cas, la d\u00e9claration se fait de la m\u00eame fa\u00e7on. Pour le titre, vous n&rsquo;utiliserez que le principal, par exemple vous utilisez le titre \u201cdream light &#8211; guitar delay\u201d, vous ne d\u00e9clarez que \u201cdream light\u201d.<\/p>\n<p>&nbsp;<\/p>\n<p>&nbsp;<\/p>\n<h1><\/h1>\n<h1><\/h1>\n<h1>O\u00f9 trouver le nom\/pr\u00e9nom du\/des compositeur(s) ?<\/h1>\n<p>&nbsp;<\/p>\n<p>&nbsp;<\/p>\n<p class=\"lead\">Lorsque vous t\u00e9l\u00e9chargez une musique, vous avez le nom du compositeur dans le fichier que vous allez t\u00e9l\u00e9charger.<br \/>\nPar exemple, si vous t\u00e9l\u00e9chargez le titre \u201cdream light\u201d votre fichier sera d\u00e9nomm\u00e9 comme suit :<br \/>\nPr\u00e9nom-NOM-titre.aif soit Christophe MOUTOT &#8211; Dream Light<\/p>\n<p class=\"lead\">votre d\u00e9claration ressemblera \u00e0 :<br \/>\n<strong>Titre :<\/strong> Dream Light<br \/>\n<strong>Compositeur :<\/strong> christophe MOUTOT<br \/>\n<strong>Dur\u00e9e :<\/strong> 01\u201910\u2019\u2019<\/p>\n<p>&nbsp;<\/p>\n<p>&nbsp;<\/p>\n<h1><\/h1>\n<h1>Comment d\u00e9clarer plusieurs titres ?<\/h1>\n<p>&nbsp;<\/p>\n<p>&nbsp;<\/p>\n<p>&nbsp;<\/p>\n<p class=\"lead\">Nous vous mettons \u00e0 disposition une <strong>CUE SHEET<\/strong> (ou feuille de montage en bon fran\u00e7ais). Vous pouvez entrer toutes les informations pour un programme long. Cette cue sheet devra \u00eatre remise au diffuseur par le producteur du programme. Vous \u00eates tenus de nous envoyer \u00e9galement la cue shit en copie, que nous puissions v\u00e9rifier que rien n&rsquo;est oubli\u00e9.<\/p>\n<p class=\"lead\">Nous pouvons aussi la faire pour vous, envoyez nous votre documentaire et nous remplirons la cue sheet pour vous.<\/p>\n<p>&nbsp;<\/p>\n<p>&nbsp;<\/p>\n<blockquote>\n<p class=\"lead\"><strong>N\u2019oubliez pas que la musique que vous trouvez sur JOKERSOUND est issue d\u2019un travail, parfois long et que ce travail doit \u00eatre r\u00e9mun\u00e9r\u00e9. La seule chose que vous avez \u00e0 faire, c\u2019est la d\u00e9claration !<\/strong><\/p>\n<\/blockquote>\n<p>&nbsp;<\/p>\n<h2><\/h2>\n<h2><\/h2>\n<h2>Liens importants<\/h2>\n<p>&nbsp;<\/p>\n<p>&nbsp;<\/p>\n<p>&nbsp;<\/p>\n<p class=\"lead\">T\u00e9l\u00e9charger la CUE SHEET : <a href=\"https:\/\/dev.jokersound.com\/wp-content\/uploads\/2019\/09\/CUE-SHEET-JOKERSOUND.pdf\" target=\"_blank\" rel=\"noopener noreferrer\">CUE SHEET JOKERSOUND<\/a><br \/>\nSite de la SACEM : <a href=\"https:\/\/www.sacem.fr\" target=\"_blank\" rel=\"noopener noreferrer\">www.sacem.fr<\/a><\/p>\n<\/div><\/div>\n<\/div>\n","protected":false},"excerpt":{"rendered":"","protected":false},"author":5,"featured_media":0,"parent":0,"menu_order":0,"comment_status":"closed","ping_status":"closed","template":"page-right-sidebar.php","meta":{"_exactmetrics_skip_tracking":false,"_exactmetrics_sitenote_active":false,"_exactmetrics_sitenote_note":"","_exactmetrics_sitenote_category":0,"footnotes":""},"class_list":["post-1657","page","type-page","status-publish","hentry"],"yoast_head":"<!-- This site is optimized with the Yoast SEO plugin v25.2 - https:\/\/yoast.com\/wordpress\/plugins\/seo\/ -->\n<title>D\u00e9clarer des oeuvres - Jokersound<\/title>\n<meta name=\"robots\" content=\"noindex, follow, max-snippet:-1, max-image-preview:large, max-video-preview:-1\" \/>\n<meta property=\"og:locale\" content=\"fr_FR\" \/>\n<meta property=\"og:type\" content=\"article\" \/>\n<meta property=\"og:title\" content=\"D\u00e9clarer des oeuvres - Jokersound\" \/>\n<meta property=\"og:url\" content=\"https:\/\/dev.jokersound.com\/?page_id=1657\" \/>\n<meta property=\"og:site_name\" content=\"Jokersound\" \/>\n<meta property=\"article:modified_time\" content=\"2019-09-28T17:34:07+00:00\" \/>\n<meta name=\"twitter:card\" content=\"summary_large_image\" \/>\n<meta name=\"twitter:label1\" content=\"Dur\u00e9e de lecture estim\u00e9e\" \/>\n\t<meta name=\"twitter:data1\" content=\"2 minutes\" \/>\n<script type=\"application\/ld+json\" class=\"yoast-schema-graph\">{\"@context\":\"https:\/\/schema.org\",\"@graph\":[{\"@type\":\"WebPage\",\"@id\":\"https:\/\/dev.jokersound.com\/?page_id=1657\",\"url\":\"https:\/\/dev.jokersound.com\/?page_id=1657\",\"name\":\"D\u00e9clarer des oeuvres - Jokersound\",\"isPartOf\":{\"@id\":\"https:\/\/dev.jokersound.com\/#website\"},\"datePublished\":\"2019-09-06T17:01:39+00:00\",\"dateModified\":\"2019-09-28T17:34:07+00:00\",\"breadcrumb\":{\"@id\":\"https:\/\/dev.jokersound.com\/?page_id=1657#breadcrumb\"},\"inLanguage\":\"fr-FR\",\"potentialAction\":[{\"@type\":\"ReadAction\",\"target\":[\"https:\/\/dev.jokersound.com\/?page_id=1657\"]}]},{\"@type\":\"BreadcrumbList\",\"@id\":\"https:\/\/dev.jokersound.com\/?page_id=1657#breadcrumb\",\"itemListElement\":[{\"@type\":\"ListItem\",\"position\":1,\"name\":\"Accueil\",\"item\":\"https:\/\/dev.jokersound.com\/\"},{\"@type\":\"ListItem\",\"position\":2,\"name\":\"D\u00e9clarer des oeuvres\"}]},{\"@type\":\"WebSite\",\"@id\":\"https:\/\/dev.jokersound.com\/#website\",\"url\":\"https:\/\/dev.jokersound.com\/\",\"name\":\"Jokersound\",\"description\":\"Notre musique pour vos images\",\"potentialAction\":[{\"@type\":\"SearchAction\",\"target\":{\"@type\":\"EntryPoint\",\"urlTemplate\":\"https:\/\/dev.jokersound.com\/?s={search_term_string}\"},\"query-input\":{\"@type\":\"PropertyValueSpecification\",\"valueRequired\":true,\"valueName\":\"search_term_string\"}}],\"inLanguage\":\"fr-FR\"}]}<\/script>\n<!-- \/ Yoast SEO plugin. -->","yoast_head_json":{"title":"D\u00e9clarer des oeuvres - Jokersound","robots":{"index":"noindex","follow":"follow","max-snippet":"max-snippet:-1","max-image-preview":"max-image-preview:large","max-video-preview":"max-video-preview:-1"},"og_locale":"fr_FR","og_type":"article","og_title":"D\u00e9clarer des oeuvres - Jokersound","og_url":"https:\/\/dev.jokersound.com\/?page_id=1657","og_site_name":"Jokersound","article_modified_time":"2019-09-28T17:34:07+00:00","twitter_card":"summary_large_image","twitter_misc":{"Dur\u00e9e de lecture estim\u00e9e":"2 minutes"},"schema":{"@context":"https:\/\/schema.org","@graph":[{"@type":"WebPage","@id":"https:\/\/dev.jokersound.com\/?page_id=1657","url":"https:\/\/dev.jokersound.com\/?page_id=1657","name":"D\u00e9clarer des oeuvres - Jokersound","isPartOf":{"@id":"https:\/\/dev.jokersound.com\/#website"},"datePublished":"2019-09-06T17:01:39+00:00","dateModified":"2019-09-28T17:34:07+00:00","breadcrumb":{"@id":"https:\/\/dev.jokersound.com\/?page_id=1657#breadcrumb"},"inLanguage":"fr-FR","potentialAction":[{"@type":"ReadAction","target":["https:\/\/dev.jokersound.com\/?page_id=1657"]}]},{"@type":"BreadcrumbList","@id":"https:\/\/dev.jokersound.com\/?page_id=1657#breadcrumb","itemListElement":[{"@type":"ListItem","position":1,"name":"Accueil","item":"https:\/\/dev.jokersound.com\/"},{"@type":"ListItem","position":2,"name":"D\u00e9clarer des oeuvres"}]},{"@type":"WebSite","@id":"https:\/\/dev.jokersound.com\/#website","url":"https:\/\/dev.jokersound.com\/","name":"Jokersound","description":"Notre musique pour vos images","potentialAction":[{"@type":"SearchAction","target":{"@type":"EntryPoint","urlTemplate":"https:\/\/dev.jokersound.com\/?s={search_term_string}"},"query-input":{"@type":"PropertyValueSpecification","valueRequired":true,"valueName":"search_term_string"}}],"inLanguage":"fr-FR"}]}},"_links":{"self":[{"href":"https:\/\/dev.jokersound.com\/index.php?rest_route=\/wp\/v2\/pages\/1657"}],"collection":[{"href":"https:\/\/dev.jokersound.com\/index.php?rest_route=\/wp\/v2\/pages"}],"about":[{"href":"https:\/\/dev.jokersound.com\/index.php?rest_route=\/wp\/v2\/types\/page"}],"author":[{"embeddable":true,"href":"https:\/\/dev.jokersound.com\/index.php?rest_route=\/wp\/v2\/users\/5"}],"replies":[{"embeddable":true,"href":"https:\/\/dev.jokersound.com\/index.php?rest_route=%2Fwp%2Fv2%2Fcomments&post=1657"}],"version-history":[{"count":18,"href":"https:\/\/dev.jokersound.com\/index.php?rest_route=\/wp\/v2\/pages\/1657\/revisions"}],"predecessor-version":[{"id":1779,"href":"https:\/\/dev.jokersound.com\/index.php?rest_route=\/wp\/v2\/pages\/1657\/revisions\/1779"}],"wp:attachment":[{"href":"https:\/\/dev.jokersound.com\/index.php?rest_route=%2Fwp%2Fv2%2Fmedia&parent=1657"}],"curies":[{"name":"wp","href":"https:\/\/api.w.org\/{rel}","templated":true}]}}