{"id":1650,"date":"2019-09-06T18:52:35","date_gmt":"2019-09-06T16:52:35","guid":{"rendered":"https:\/\/jokersound.com\/?page_id=1650"},"modified":"2019-09-06T20:46:22","modified_gmt":"2019-09-06T18:46:22","slug":"rejoindre-l-equipe-de-jokersound","status":"publish","type":"page","link":"https:\/\/dev.jokersound.com\/?page_id=1650","title":{"rendered":"Rejoindre l&rsquo;\u00e9quipe de JokerSound"},"content":{"rendered":"<div class=\"row\"  id=\"row-201479000\">\n<div class=\"col small-12 large-12\"  ><div class=\"col-inner\" style=\"padding:0px 50px 0px 50px;\" >\n<p>Vous \u00eates compositeur et vous souhaitez rejoindre l&rsquo;\u00e9quipe de JokerSound, Contactez-nous :<\/p>\n\n<div class=\"wpcf7 no-js\" id=\"wpcf7-f1651-o1\" lang=\"en-US\" dir=\"ltr\" data-wpcf7-id=\"1651\">\n<div class=\"screen-reader-response\"><p role=\"status\" aria-live=\"polite\" aria-atomic=\"true\"><\/p> <ul><\/ul><\/div>\n<form action=\"\/index.php?rest_route=%2Fwp%2Fv2%2Fpages%2F1650#wpcf7-f1651-o1\" method=\"post\" class=\"wpcf7-form init\" aria-label=\"Contact form\" novalidate=\"novalidate\" data-status=\"init\">\n<div style=\"display: none;\">\n<input type=\"hidden\" name=\"_wpcf7\" value=\"1651\" \/>\n<input type=\"hidden\" name=\"_wpcf7_version\" value=\"6.0.6\" \/>\n<input type=\"hidden\" name=\"_wpcf7_locale\" value=\"en_US\" \/>\n<input type=\"hidden\" name=\"_wpcf7_unit_tag\" value=\"wpcf7-f1651-o1\" \/>\n<input type=\"hidden\" name=\"_wpcf7_container_post\" value=\"0\" \/>\n<input type=\"hidden\" name=\"_wpcf7_posted_data_hash\" value=\"\" \/>\n<\/div>\n<p><label>NOM Pr\u00e9nom (Obligatoire)<\/label><br \/>\n<span class=\"wpcf7-form-control-wrap\" data-name=\"your-name\"><input size=\"40\" maxlength=\"400\" class=\"wpcf7-form-control wpcf7-text wpcf7-validates-as-required\" aria-required=\"true\" aria-invalid=\"false\" value=\"\" type=\"text\" name=\"your-name\" \/><\/span>\n<\/p>\n<p><label>Email (Obligatoire)<\/label><br \/>\n<span class=\"wpcf7-form-control-wrap\" data-name=\"your-email\"><input size=\"40\" maxlength=\"400\" class=\"wpcf7-form-control wpcf7-email wpcf7-validates-as-required wpcf7-text wpcf7-validates-as-email\" aria-required=\"true\" aria-invalid=\"false\" value=\"\" type=\"email\" name=\"your-email\" \/><\/span>\n<\/p>\n<p><label>Num\u00e9ro de t\u00e9l\u00e9phone<\/label><br \/>\n<span class=\"wpcf7-form-control-wrap\" data-name=\"your-phone\"><input size=\"40\" maxlength=\"400\" class=\"wpcf7-form-control wpcf7-text\" aria-invalid=\"false\" value=\"\" type=\"text\" name=\"your-phone\" \/><\/span>\n<\/p>\n<p><label>Soci\u00e9t\u00e9<\/label><br \/>\n<span class=\"wpcf7-form-control-wrap\" data-name=\"your-society\"><input size=\"40\" maxlength=\"400\" class=\"wpcf7-form-control wpcf7-text\" aria-invalid=\"false\" value=\"\" type=\"text\" name=\"your-society\" \/><\/span>\n<\/p>\n<p><label>Site web<\/label><br \/>\n<span class=\"wpcf7-form-control-wrap\" data-name=\"your-site\"><input size=\"40\" maxlength=\"400\" class=\"wpcf7-form-control wpcf7-text\" aria-invalid=\"false\" value=\"\" type=\"text\" name=\"your-site\" \/><\/span>\n<\/p>\n<p><label>Chaine Youtube<\/label><br \/>\n<span class=\"wpcf7-form-control-wrap\" data-name=\"your-youtube\"><input size=\"40\" maxlength=\"400\" class=\"wpcf7-form-control wpcf7-text\" aria-invalid=\"false\" value=\"\" type=\"text\" name=\"your-youtube\" \/><\/span>\n<\/p>\n<p>Sujet (Obligatoire)\n<\/p>\n<p><span class=\"wpcf7-form-control-wrap\" data-name=\"your-subject\"><input size=\"40\" maxlength=\"400\" class=\"wpcf7-form-control wpcf7-text wpcf7-validates-as-required\" aria-required=\"true\" aria-invalid=\"false\" value=\"\" type=\"text\" name=\"your-subject\" \/><\/span>\n<\/p>\n<p><label>Message (Obligatoire)<\/label><br \/>\n<span class=\"wpcf7-form-control-wrap\" data-name=\"your-message\"><textarea cols=\"40\" rows=\"10\" maxlength=\"2000\" class=\"wpcf7-form-control wpcf7-textarea wpcf7-validates-as-required\" aria-required=\"true\" aria-invalid=\"false\" name=\"your-message\"><\/textarea><\/span>\n<\/p>\n<p><input class=\"wpcf7-form-control wpcf7-submit has-spinner button\" type=\"submit\" value=\"ENVOYER\" \/>\n<\/p><div class=\"wpcf7-response-output\" aria-hidden=\"true\"><\/div>\n<\/form>\n<\/div>\n\n<\/div><\/div>\n<\/div>\n","protected":false},"excerpt":{"rendered":"","protected":false},"author":5,"featured_media":0,"parent":0,"menu_order":0,"comment_status":"closed","ping_status":"closed","template":"page-right-sidebar.php","meta":{"_exactmetrics_skip_tracking":false,"_exactmetrics_sitenote_active":false,"_exactmetrics_sitenote_note":"","_exactmetrics_sitenote_category":0,"footnotes":""},"class_list":["post-1650","page","type-page","status-publish","hentry"],"yoast_head":"<!-- This site is optimized with the Yoast SEO plugin v25.2 - https:\/\/yoast.com\/wordpress\/plugins\/seo\/ -->\n<title>Rejoindre l&#039;\u00e9quipe de JokerSound - Jokersound<\/title>\n<meta name=\"robots\" content=\"noindex, follow, max-snippet:-1, max-image-preview:large, max-video-preview:-1\" \/>\n<meta property=\"og:locale\" content=\"fr_FR\" \/>\n<meta property=\"og:type\" content=\"article\" \/>\n<meta property=\"og:title\" content=\"Rejoindre l&#039;\u00e9quipe de JokerSound - Jokersound\" \/>\n<meta property=\"og:url\" content=\"https:\/\/dev.jokersound.com\/?page_id=1650\" \/>\n<meta property=\"og:site_name\" content=\"Jokersound\" \/>\n<meta property=\"article:modified_time\" content=\"2019-09-06T18:46:22+00:00\" \/>\n<meta name=\"twitter:card\" content=\"summary_large_image\" \/>\n<script type=\"application\/ld+json\" class=\"yoast-schema-graph\">{\"@context\":\"https:\/\/schema.org\",\"@graph\":[{\"@type\":\"WebPage\",\"@id\":\"https:\/\/dev.jokersound.com\/?page_id=1650\",\"url\":\"https:\/\/dev.jokersound.com\/?page_id=1650\",\"name\":\"Rejoindre l'\u00e9quipe de JokerSound - Jokersound\",\"isPartOf\":{\"@id\":\"https:\/\/dev.jokersound.com\/#website\"},\"datePublished\":\"2019-09-06T16:52:35+00:00\",\"dateModified\":\"2019-09-06T18:46:22+00:00\",\"breadcrumb\":{\"@id\":\"https:\/\/dev.jokersound.com\/?page_id=1650#breadcrumb\"},\"inLanguage\":\"fr-FR\",\"potentialAction\":[{\"@type\":\"ReadAction\",\"target\":[\"https:\/\/dev.jokersound.com\/?page_id=1650\"]}]},{\"@type\":\"BreadcrumbList\",\"@id\":\"https:\/\/dev.jokersound.com\/?page_id=1650#breadcrumb\",\"itemListElement\":[{\"@type\":\"ListItem\",\"position\":1,\"name\":\"Accueil\",\"item\":\"https:\/\/dev.jokersound.com\/\"},{\"@type\":\"ListItem\",\"position\":2,\"name\":\"Rejoindre l&rsquo;\u00e9quipe de JokerSound\"}]},{\"@type\":\"WebSite\",\"@id\":\"https:\/\/dev.jokersound.com\/#website\",\"url\":\"https:\/\/dev.jokersound.com\/\",\"name\":\"Jokersound\",\"description\":\"Notre musique pour vos images\",\"potentialAction\":[{\"@type\":\"SearchAction\",\"target\":{\"@type\":\"EntryPoint\",\"urlTemplate\":\"https:\/\/dev.jokersound.com\/?s={search_term_string}\"},\"query-input\":{\"@type\":\"PropertyValueSpecification\",\"valueRequired\":true,\"valueName\":\"search_term_string\"}}],\"inLanguage\":\"fr-FR\"}]}<\/script>\n<!-- \/ Yoast SEO plugin. -->","yoast_head_json":{"title":"Rejoindre l'\u00e9quipe de JokerSound - Jokersound","robots":{"index":"noindex","follow":"follow","max-snippet":"max-snippet:-1","max-image-preview":"max-image-preview:large","max-video-preview":"max-video-preview:-1"},"og_locale":"fr_FR","og_type":"article","og_title":"Rejoindre l'\u00e9quipe de JokerSound - Jokersound","og_url":"https:\/\/dev.jokersound.com\/?page_id=1650","og_site_name":"Jokersound","article_modified_time":"2019-09-06T18:46:22+00:00","twitter_card":"summary_large_image","schema":{"@context":"https:\/\/schema.org","@graph":[{"@type":"WebPage","@id":"https:\/\/dev.jokersound.com\/?page_id=1650","url":"https:\/\/dev.jokersound.com\/?page_id=1650","name":"Rejoindre l'\u00e9quipe de JokerSound - Jokersound","isPartOf":{"@id":"https:\/\/dev.jokersound.com\/#website"},"datePublished":"2019-09-06T16:52:35+00:00","dateModified":"2019-09-06T18:46:22+00:00","breadcrumb":{"@id":"https:\/\/dev.jokersound.com\/?page_id=1650#breadcrumb"},"inLanguage":"fr-FR","potentialAction":[{"@type":"ReadAction","target":["https:\/\/dev.jokersound.com\/?page_id=1650"]}]},{"@type":"BreadcrumbList","@id":"https:\/\/dev.jokersound.com\/?page_id=1650#breadcrumb","itemListElement":[{"@type":"ListItem","position":1,"name":"Accueil","item":"https:\/\/dev.jokersound.com\/"},{"@type":"ListItem","position":2,"name":"Rejoindre l&rsquo;\u00e9quipe de JokerSound"}]},{"@type":"WebSite","@id":"https:\/\/dev.jokersound.com\/#website","url":"https:\/\/dev.jokersound.com\/","name":"Jokersound","description":"Notre musique pour vos images","potentialAction":[{"@type":"SearchAction","target":{"@type":"EntryPoint","urlTemplate":"https:\/\/dev.jokersound.com\/?s={search_term_string}"},"query-input":{"@type":"PropertyValueSpecification","valueRequired":true,"valueName":"search_term_string"}}],"inLanguage":"fr-FR"}]}},"_links":{"self":[{"href":"https:\/\/dev.jokersound.com\/index.php?rest_route=\/wp\/v2\/pages\/1650"}],"collection":[{"href":"https:\/\/dev.jokersound.com\/index.php?rest_route=\/wp\/v2\/pages"}],"about":[{"href":"https:\/\/dev.jokersound.com\/index.php?rest_route=\/wp\/v2\/types\/page"}],"author":[{"embeddable":true,"href":"https:\/\/dev.jokersound.com\/index.php?rest_route=\/wp\/v2\/users\/5"}],"replies":[{"embeddable":true,"href":"https:\/\/dev.jokersound.com\/index.php?rest_route=%2Fwp%2Fv2%2Fcomments&post=1650"}],"version-history":[{"count":2,"href":"https:\/\/dev.jokersound.com\/index.php?rest_route=\/wp\/v2\/pages\/1650\/revisions"}],"predecessor-version":[{"id":1690,"href":"https:\/\/dev.jokersound.com\/index.php?rest_route=\/wp\/v2\/pages\/1650\/revisions\/1690"}],"wp:attachment":[{"href":"https:\/\/dev.jokersound.com\/index.php?rest_route=%2Fwp%2Fv2%2Fmedia&parent=1650"}],"curies":[{"name":"wp","href":"https:\/\/api.w.org\/{rel}","templated":true}]}}